{"id":154,"date":"2023-04-28T15:53:57","date_gmt":"2023-04-28T13:53:57","guid":{"rendered":"https:\/\/osvaldinternational.local\/home\/"},"modified":"2023-05-09T13:34:52","modified_gmt":"2023-05-09T11:34:52","slug":"home","status":"publish","type":"page","link":"https:\/\/osvaldinternational.hu\/en\/","title":{"rendered":"Home"},"content":{"rendered":"\t\t<div data-elementor-type=\"wp-page\" data-elementor-id=\"154\" class=\"elementor elementor-154 elementor-9\">\n\t\t\t\t\t\t\t\t\t<section class=\"elementor-section elementor-top-section elementor-element elementor-element-32ee1fe elementor-section-height-min-height elementor-section-boxed elementor-section-height-default elementor-section-items-middle\" data-id=\"32ee1fe\" data-element_type=\"section\" data-settings=\"{&quot;background_background&quot;:&quot;classic&quot;}\">\n\t\t\t\t\t\t<div class=\"elementor-container elementor-column-gap-default\">\n\t\t\t\t\t<div class=\"elementor-column elementor-col-100 elementor-top-column elementor-element elementor-element-f9d7cc3\" data-id=\"f9d7cc3\" data-element_type=\"column\">\n\t\t\t<div class=\"elementor-widget-wrap elementor-element-populated\">\n\t\t\t\t\t\t\t\t<div class=\"elementor-element elementor-element-40b5f0d elementor-invisible elementor-widget elementor-widget-heading\" data-id=\"40b5f0d\" data-element_type=\"widget\" data-settings=\"{&quot;_animation&quot;:&quot;fadeIn&quot;}\" data-widget_type=\"heading.default\">\n\t\t\t\t<div class=\"elementor-widget-container\">\n\t\t\t<style>\/*! elementor - v3.13.3 - 22-05-2023 *\/\n.elementor-heading-title{padding:0;margin:0;line-height:1}.elementor-widget-heading .elementor-heading-title[class*=elementor-size-]>a{color:inherit;font-size:inherit;line-height:inherit}.elementor-widget-heading .elementor-heading-title.elementor-size-small{font-size:15px}.elementor-widget-heading .elementor-heading-title.elementor-size-medium{font-size:19px}.elementor-widget-heading .elementor-heading-title.elementor-size-large{font-size:29px}.elementor-widget-heading .elementor-heading-title.elementor-size-xl{font-size:39px}.elementor-widget-heading .elementor-heading-title.elementor-size-xxl{font-size:59px}<\/style><h1 class=\"elementor-heading-title elementor-size-default\">For the Success of Your Business!<\/h1>\t\t<\/div>\n\t\t\t\t<\/div>\n\t\t\t\t\t<\/div>\n\t\t<\/div>\n\t\t\t\t\t\t\t<\/div>\n\t\t<\/section>\n\t\t\t\t<section class=\"elementor-section elementor-top-section elementor-element elementor-element-0187203 elementor-section-boxed elementor-section-height-default elementor-section-height-default\" data-id=\"0187203\" data-element_type=\"section\" id=\"rolunk\">\n\t\t\t\t\t\t<div class=\"elementor-container elementor-column-gap-default\">\n\t\t\t\t\t<div class=\"elementor-column elementor-col-100 elementor-top-column elementor-element elementor-element-98661a7\" data-id=\"98661a7\" data-element_type=\"column\">\n\t\t\t<div class=\"elementor-widget-wrap elementor-element-populated\">\n\t\t\t\t\t\t\t\t<div class=\"elementor-element elementor-element-7ac3fcd elementor-invisible elementor-widget elementor-widget-heading\" data-id=\"7ac3fcd\" data-element_type=\"widget\" data-settings=\"{&quot;_animation&quot;:&quot;fadeIn&quot;}\" data-widget_type=\"heading.default\">\n\t\t\t\t<div class=\"elementor-widget-container\">\n\t\t\t<h2 class=\"elementor-heading-title elementor-size-default\">About us<\/h2>\t\t<\/div>\n\t\t\t\t<\/div>\n\t\t\t\t<div class=\"elementor-element elementor-element-db8468f elementor-invisible elementor-widget elementor-widget-heading\" data-id=\"db8468f\" data-element_type=\"widget\" data-settings=\"{&quot;_animation&quot;:&quot;fadeIn&quot;}\" data-widget_type=\"heading.default\">\n\t\t\t\t<div class=\"elementor-widget-container\">\n\t\t\t<h3 class=\"elementor-heading-title elementor-size-default\">Our vision<\/h3>\t\t<\/div>\n\t\t\t\t<\/div>\n\t\t\t\t<div class=\"elementor-element elementor-element-358161a elementor-invisible elementor-widget elementor-widget-text-editor\" data-id=\"358161a\" data-element_type=\"widget\" data-settings=\"{&quot;_animation&quot;:&quot;fadeIn&quot;}\" data-widget_type=\"text-editor.default\">\n\t\t\t\t<div class=\"elementor-widget-container\">\n\t\t\t<style>\/*! elementor - v3.13.3 - 22-05-2023 *\/\n.elementor-widget-text-editor.elementor-drop-cap-view-stacked .elementor-drop-cap{background-color:#69727d;color:#fff}.elementor-widget-text-editor.elementor-drop-cap-view-framed .elementor-drop-cap{color:#69727d;border:3px solid;background-color:transparent}.elementor-widget-text-editor:not(.elementor-drop-cap-view-default) .elementor-drop-cap{margin-top:8px}.elementor-widget-text-editor:not(.elementor-drop-cap-view-default) .elementor-drop-cap-letter{width:1em;height:1em}.elementor-widget-text-editor .elementor-drop-cap{float:left;text-align:center;line-height:1;font-size:50px}.elementor-widget-text-editor .elementor-drop-cap-letter{display:inline-block}<\/style>\t\t\t\t<p>We believe that it is possible to build a successful and profitable business in Hungary through transparency!<\/p>\n\t\t\t\t\t\t<\/div>\n\t\t\t\t<\/div>\n\t\t\t\t<div class=\"elementor-element elementor-element-77d6d07 elementor-invisible elementor-widget elementor-widget-heading\" data-id=\"77d6d07\" data-element_type=\"widget\" data-settings=\"{&quot;_animation&quot;:&quot;fadeIn&quot;}\" data-widget_type=\"heading.default\">\n\t\t\t\t<div class=\"elementor-widget-container\">\n\t\t\t<h3 class=\"elementor-heading-title elementor-size-default\">Our mission<\/h3>\t\t<\/div>\n\t\t\t\t<\/div>\n\t\t\t\t<div class=\"elementor-element elementor-element-2ff475a elementor-invisible elementor-widget elementor-widget-text-editor\" data-id=\"2ff475a\" data-element_type=\"widget\" data-settings=\"{&quot;_animation&quot;:&quot;fadeIn&quot;}\" data-widget_type=\"text-editor.default\">\n\t\t\t\t<div class=\"elementor-widget-container\">\n\t\t\t\t\t\t\t<p>To help Hungarian small and medium-sized enterprises to develop into companies that can stand their ground in the international market through consistent construction and the right entrepreneurial mindset.<br \/>We are constantly working to ensure that the Hungarian SME entrepreneurial sector, full of values and strengthened, is always ready to meet the challenges of the market in order to achieve its own positive goals and to pass on this knowledge to future generations.<\/p>\n\t\t\t\t\t\t<\/div>\n\t\t\t\t<\/div>\n\t\t\t\t<div class=\"elementor-element elementor-element-7bfe994 elementor-invisible elementor-widget elementor-widget-heading\" data-id=\"7bfe994\" data-element_type=\"widget\" data-settings=\"{&quot;_animation&quot;:&quot;fadeIn&quot;}\" data-widget_type=\"heading.default\">\n\t\t\t\t<div class=\"elementor-widget-container\">\n\t\t\t<h3 class=\"elementor-heading-title elementor-size-default\">The experience we offer for the success of you and your business<\/h3>\t\t<\/div>\n\t\t\t\t<\/div>\n\t\t\t\t<div class=\"elementor-element elementor-element-1b0ed06 custom-list elementor-widget__width-initial elementor-invisible elementor-widget elementor-widget-text-editor\" data-id=\"1b0ed06\" data-element_type=\"widget\" data-settings=\"{&quot;_animation&quot;:&quot;fadeIn&quot;}\" data-widget_type=\"text-editor.default\">\n\t\t\t\t<div class=\"elementor-widget-container\">\n\t\t\t\t\t\t\t<ul>\n<li>30 years of Hungarian and international professional experience<\/li>\n<li>Industry expertise: banking, construction\/operations, chemical manufacturing and wholesale, agriculture and non-food FMCG manufacturing\/wholesale, machinery manufacturing, energy (conventional and renewable energy manufacturing\/services), transaction and financial advisory (M&amp;A).<\/li>\n<li>business model development, restructuring and management<\/li>\n<li>more than 15 years of senior management experience in international and domestic large corporations<\/li>\n<li>corporate governance and financial management: accounting, controlling, integrated management system\/management information system and its implementation, treasury, information technology, human resources management, economic law, project management and related areas<\/li>\n<li class=\"p1\">10 years of M&amp;A transaction advisory experience in domestic and international acquisitions with a total value of close to EUR 100 million<\/li>\n<\/ul>\n\t\t\t\t\t\t<\/div>\n\t\t\t\t<\/div>\n\t\t\t\t\t<\/div>\n\t\t<\/div>\n\t\t\t\t\t\t\t<\/div>\n\t\t<\/section>\n\t\t\t\t<section class=\"elementor-section elementor-top-section elementor-element elementor-element-7843786 elementor-section-boxed elementor-section-height-default elementor-section-height-default\" data-id=\"7843786\" data-element_type=\"section\" id=\"tevekenysegunk\">\n\t\t\t\t\t\t<div class=\"elementor-container elementor-column-gap-default\">\n\t\t\t\t\t<div class=\"elementor-column elementor-col-100 elementor-top-column elementor-element elementor-element-c1f3b87\" data-id=\"c1f3b87\" data-element_type=\"column\">\n\t\t\t<div class=\"elementor-widget-wrap elementor-element-populated\">\n\t\t\t\t\t\t\t\t<div class=\"elementor-element elementor-element-d66542d elementor-invisible elementor-widget elementor-widget-heading\" data-id=\"d66542d\" data-element_type=\"widget\" data-settings=\"{&quot;_animation&quot;:&quot;fadeIn&quot;}\" data-widget_type=\"heading.default\">\n\t\t\t\t<div class=\"elementor-widget-container\">\n\t\t\t<h2 class=\"elementor-heading-title elementor-size-default\">Scope of services<\/h2>\t\t<\/div>\n\t\t\t\t<\/div>\n\t\t\t\t<div class=\"elementor-element elementor-element-37f62e4 elementor-invisible elementor-widget elementor-widget-heading\" data-id=\"37f62e4\" data-element_type=\"widget\" data-settings=\"{&quot;_animation&quot;:&quot;fadeIn&quot;}\" data-widget_type=\"heading.default\">\n\t\t\t\t<div class=\"elementor-widget-container\">\n\t\t\t<h3 class=\"elementor-heading-title elementor-size-default\">M&amp;A advice<\/h3>\t\t<\/div>\n\t\t\t\t<\/div>\n\t\t\t\t<div class=\"elementor-element elementor-element-d1e24e6 custom-list circular elementor-invisible elementor-widget elementor-widget-text-editor\" data-id=\"d1e24e6\" data-element_type=\"widget\" data-settings=\"{&quot;_animation&quot;:&quot;fadeIn&quot;}\" data-widget_type=\"text-editor.default\">\n\t\t\t\t<div class=\"elementor-widget-container\">\n\t\t\t\t\t\t\t<ul>\n<li>Capital raising advice and management<\/li>\n<li>Company shares, Business unit sales consulting and management<\/li>\n<li>Enterprise valuation<\/li>\n<\/ul>\n\t\t\t\t\t\t<\/div>\n\t\t\t\t<\/div>\n\t\t\t\t<section class=\"elementor-section elementor-inner-section elementor-element elementor-element-77d9f54 elementor-section-boxed elementor-section-height-default elementor-section-height-default\" data-id=\"77d9f54\" data-element_type=\"section\">\n\t\t\t\t\t\t<div class=\"elementor-container elementor-column-gap-default\">\n\t\t\t\t\t<div class=\"elementor-column elementor-col-50 elementor-inner-column elementor-element elementor-element-33336cc\" data-id=\"33336cc\" data-element_type=\"column\">\n\t\t\t<div class=\"elementor-widget-wrap\">\n\t\t\t\t\t\t\t\t\t<\/div>\n\t\t<\/div>\n\t\t\t\t<div class=\"elementor-column elementor-col-50 elementor-inner-column elementor-element elementor-element-99c1aaa\" data-id=\"99c1aaa\" data-element_type=\"column\">\n\t\t\t<div class=\"elementor-widget-wrap elementor-element-populated\">\n\t\t\t\t\t\t\t\t<div class=\"elementor-element elementor-element-5732e6c elementor-widget__width-initial elementor-invisible elementor-widget elementor-widget-heading\" data-id=\"5732e6c\" data-element_type=\"widget\" data-settings=\"{&quot;_animation&quot;:&quot;fadeIn&quot;}\" data-widget_type=\"heading.default\">\n\t\t\t\t<div class=\"elementor-widget-container\">\n\t\t\t<h3 class=\"elementor-heading-title elementor-size-default\">Our services cover the full range of the above:<\/h3>\t\t<\/div>\n\t\t\t\t<\/div>\n\t\t\t\t<div class=\"elementor-element elementor-element-5ad94aa custom-list elementor-invisible elementor-widget elementor-widget-text-editor\" data-id=\"5ad94aa\" data-element_type=\"widget\" data-settings=\"{&quot;_animation&quot;:&quot;fadeIn&quot;}\" data-widget_type=\"text-editor.default\">\n\t\t\t\t<div class=\"elementor-widget-container\">\n\t\t\t\t\t\t\t<ul>\n<li>preparing our clients for a transaction in line with their strategic vision<\/li>\n<li>preparing a business plan to support the transaction and objectives<\/li>\n<li>identifying investment partners that meet the objectives,<\/li>\n<li>and the full coordination of transaction negotiations and related advice.<\/li>\n<\/ul>\n\t\t\t\t\t\t<\/div>\n\t\t\t\t<\/div>\n\t\t\t\t\t<\/div>\n\t\t<\/div>\n\t\t\t\t\t\t\t<\/div>\n\t\t<\/section>\n\t\t\t\t<div class=\"elementor-element elementor-element-98eb402 elementor-widget elementor-widget-spacer\" data-id=\"98eb402\" data-element_type=\"widget\" data-widget_type=\"spacer.default\">\n\t\t\t\t<div class=\"elementor-widget-container\">\n\t\t\t<style>\/*! elementor - v3.13.3 - 22-05-2023 *\/\n.elementor-column .elementor-spacer-inner{height:var(--spacer-size)}.e-con{--container-widget-width:100%}.e-con-inner>.elementor-widget-spacer,.e-con>.elementor-widget-spacer{width:var(--container-widget-width,var(--spacer-size));--align-self:var(--container-widget-align-self,initial);--flex-shrink:0}.e-con-inner>.elementor-widget-spacer>.elementor-widget-container,.e-con-inner>.elementor-widget-spacer>.elementor-widget-container>.elementor-spacer,.e-con>.elementor-widget-spacer>.elementor-widget-container,.e-con>.elementor-widget-spacer>.elementor-widget-container>.elementor-spacer{height:100%}.e-con-inner>.elementor-widget-spacer>.elementor-widget-container>.elementor-spacer>.elementor-spacer-inner,.e-con>.elementor-widget-spacer>.elementor-widget-container>.elementor-spacer>.elementor-spacer-inner{height:var(--container-widget-height,var(--spacer-size))}<\/style>\t\t<div class=\"elementor-spacer\">\n\t\t\t<div class=\"elementor-spacer-inner\"><\/div>\n\t\t<\/div>\n\t\t\t\t<\/div>\n\t\t\t\t<\/div>\n\t\t\t\t<div class=\"elementor-element elementor-element-d501106 elementor-invisible elementor-widget elementor-widget-heading\" data-id=\"d501106\" data-element_type=\"widget\" data-settings=\"{&quot;_animation&quot;:&quot;fadeIn&quot;}\" data-widget_type=\"heading.default\">\n\t\t\t\t<div class=\"elementor-widget-container\">\n\t\t\t<h3 class=\"elementor-heading-title elementor-size-default\">Business management advice<\/h3>\t\t<\/div>\n\t\t\t\t<\/div>\n\t\t\t\t<div class=\"elementor-element elementor-element-c68bff8 custom-list circular gapped elementor-widget__width-initial elementor-invisible elementor-widget elementor-widget-text-editor\" data-id=\"c68bff8\" data-element_type=\"widget\" data-settings=\"{&quot;_animation&quot;:&quot;fadeIn&quot;}\" data-widget_type=\"text-editor.default\">\n\t\t\t\t<div class=\"elementor-widget-container\">\n\t\t\t\t\t\t\t<ul>\n<li><strong>Business and strategic planning, business plan preparation<\/strong><\/li>\n<li><strong>Operational due diligence<\/strong>\n<ul>\n<li>Compliance review of the target company\u2019s business and administrative processes against the owner\u2019s, industry and general corporate management standards<\/li>\n<\/ul>\n<\/li>\n<li><strong>Organisational, operational reorganisation management<\/strong>\n<ul>\n<li>Reorganisation of the company\/enterprise as a whole or of individual departments, as defined in the corporate strategy<\/li>\n<\/ul>\n<\/li>\n<li><strong>Corporate financial management<\/strong><\/li>\n<li><strong>Turn-around management<\/strong><\/li>\n<li><strong>Asset finance advice<\/strong><\/li>\n<li><strong>Credit, insurance, optimisation <\/strong><\/li>\n<\/ul>\n\t\t\t\t\t\t<\/div>\n\t\t\t\t<\/div>\n\t\t\t\t\t<\/div>\n\t\t<\/div>\n\t\t\t\t\t\t\t<\/div>\n\t\t<\/section>\n\t\t\t\t<section class=\"elementor-section elementor-top-section elementor-element elementor-element-ba81747 elementor-section-boxed elementor-section-height-default elementor-section-height-default\" data-id=\"ba81747\" data-element_type=\"section\" id=\"elerhetosegunk\">\n\t\t\t\t\t\t<div class=\"elementor-container elementor-column-gap-default\">\n\t\t\t\t\t<div class=\"elementor-column elementor-col-100 elementor-top-column elementor-element elementor-element-6d75bcb\" data-id=\"6d75bcb\" data-element_type=\"column\">\n\t\t\t<div class=\"elementor-widget-wrap elementor-element-populated\">\n\t\t\t\t\t\t\t\t<div class=\"elementor-element elementor-element-7966135 elementor-invisible elementor-widget elementor-widget-heading\" data-id=\"7966135\" data-element_type=\"widget\" data-settings=\"{&quot;_animation&quot;:&quot;fadeIn&quot;}\" data-widget_type=\"heading.default\">\n\t\t\t\t<div class=\"elementor-widget-container\">\n\t\t\t<h2 class=\"elementor-heading-title elementor-size-default\">Contact<\/h2>\t\t<\/div>\n\t\t\t\t<\/div>\n\t\t\t\t<div class=\"elementor-element elementor-element-0d33983 elementor-invisible elementor-widget elementor-widget-heading\" data-id=\"0d33983\" data-element_type=\"widget\" data-settings=\"{&quot;_animation&quot;:&quot;fadeIn&quot;}\" data-widget_type=\"heading.default\">\n\t\t\t\t<div class=\"elementor-widget-container\">\n\t\t\t<h3 class=\"elementor-heading-title elementor-size-default\">OSVALD International Ltd.<\/h3>\t\t<\/div>\n\t\t\t\t<\/div>\n\t\t\t\t\t<\/div>\n\t\t<\/div>\n\t\t\t\t\t\t\t<\/div>\n\t\t<\/section>\n\t\t\t\t<section class=\"elementor-section elementor-top-section elementor-element elementor-element-e75f9f8 elementor-section-boxed elementor-section-height-default elementor-section-height-default\" data-id=\"e75f9f8\" data-element_type=\"section\">\n\t\t\t\t\t\t<div class=\"elementor-container elementor-column-gap-default\">\n\t\t\t\t\t<div class=\"elementor-column elementor-col-50 elementor-top-column elementor-element elementor-element-c10c90f\" data-id=\"c10c90f\" data-element_type=\"column\">\n\t\t\t<div class=\"elementor-widget-wrap elementor-element-populated\">\n\t\t\t\t\t\t\t\t<div class=\"elementor-element elementor-element-57fa1e4 elementor-invisible elementor-widget elementor-widget-text-editor\" data-id=\"57fa1e4\" data-element_type=\"widget\" data-settings=\"{&quot;_animation&quot;:&quot;fadeIn&quot;}\" data-widget_type=\"text-editor.default\">\n\t\t\t\t<div class=\"elementor-widget-container\">\n\t\t\t\t\t\t\t<p>2093 Budajen\u0151, Sz\u0151l\u0151 utca 68., Hungary<br \/><a href=\"http:\/\/tel:+36205517012\">+36 20 551 7012<\/a><br \/><a href=\"https:\/\/www.osvaldinternational.hu\">www.osvaldinternational.hu<\/a><br \/><a href=\"mailto:osvald.l@osvaldinternational.hu\">osvald.l@osvaldinternational.hu<\/a><\/p>\n\t\t\t\t\t\t<\/div>\n\t\t\t\t<\/div>\n\t\t\t\t\t<\/div>\n\t\t<\/div>\n\t\t\t\t<div class=\"elementor-column elementor-col-50 elementor-top-column elementor-element elementor-element-ebe27be\" data-id=\"ebe27be\" data-element_type=\"column\">\n\t\t\t<div class=\"elementor-widget-wrap elementor-element-populated\">\n\t\t\t\t\t\t\t\t<div class=\"elementor-element elementor-element-d604f15 contact-table elementor-invisible elementor-widget elementor-widget-text-editor\" data-id=\"d604f15\" data-element_type=\"widget\" data-settings=\"{&quot;_animation&quot;:&quot;fadeIn&quot;}\" data-widget_type=\"text-editor.default\">\n\t\t\t\t<div class=\"elementor-widget-container\">\n\t\t\t\t\t\t\t<table>\n<tbody>\n<tr>\n<th>Company reg. ID:<\/th>\n<td>13-09-178534<\/td>\n<\/tr>\n<tr>\n<th>Statistical ID:<\/th>\n<td>25445408-7022-113-13<\/td>\n<\/tr>\n<tr>\n<th>Tax ID:<\/th>\n<td>25445408-2-13<\/td>\n<\/tr>\n<tr>\n<th>EU VAT ID:<\/th>\n<td>HU25445408<\/td>\n<\/tr>\n<\/tbody>\n<\/table>\n\t\t\t\t\t\t<\/div>\n\t\t\t\t<\/div>\n\t\t\t\t\t<\/div>\n\t\t<\/div>\n\t\t\t\t\t\t\t<\/div>\n\t\t<\/section>\n\t\t\t\t\t\t\t<\/div>\n\t\t","protected":false},"excerpt":{"rendered":"<p>For the Success of Your Business! About us Our vision We believe that it is possible to build a successful and profitable business in Hungary through transparency! Our mission To help Hungarian small and medium-sized enterprises to develop into companies that can stand their ground in the international market through consistent construction and the right [&hellip;]<\/p>\n","protected":false},"author":1,"featured_media":0,"parent":0,"menu_order":0,"comment_status":"closed","ping_status":"closed","template":"","meta":{"footnotes":""},"class_list":["post-154","page","type-page","status-publish","hentry"],"acf":[],"yoast_head":"\n<title>Home - Osvald International<\/title>\n<meta name=\"robots\" content=\"index, follow, max-snippet:-1, max-image-preview:large, max-video-preview:-1\" \/>\n<link rel=\"canonical\" href=\"https:\/\/osvaldinternational.hu\/en\/\" \/>\n<meta property=\"og:locale\" content=\"en_US\" \/>\n<meta property=\"og:type\" content=\"article\" \/>\n<meta property=\"og:title\" content=\"Home - Osvald International\" \/>\n<meta property=\"og:description\" content=\"For the Success of Your Business! About us Our vision We believe that it is possible to build a successful and profitable business in Hungary through transparency! Our mission To help Hungarian small and medium-sized enterprises to develop into companies that can stand their ground in the international market through consistent construction and the right [&hellip;]\" \/>\n<meta property=\"og:url\" content=\"https:\/\/osvaldinternational.hu\/en\/\" \/>\n<meta property=\"og:site_name\" content=\"Osvald International\" \/>\n<meta property=\"article:modified_time\" content=\"2023-05-09T11:34:52+00:00\" \/>\n<meta name=\"twitter:card\" content=\"summary_large_image\" \/>\n<meta name=\"twitter:label1\" content=\"Est. reading time\" \/>\n\t<meta name=\"twitter:data1\" content=\"3 minutes\" \/>\n<script type=\"application\/ld+json\" class=\"yoast-schema-graph\">{\"@context\":\"https:\/\/schema.org\",\"@graph\":[{\"@type\":\"WebPage\",\"@id\":\"https:\/\/osvaldinternational.hu\/en\/\",\"url\":\"https:\/\/osvaldinternational.hu\/en\/\",\"name\":\"Home - Osvald International\",\"isPartOf\":{\"@id\":\"https:\/\/osvaldinternational.hu\/en\/#website\"},\"datePublished\":\"2023-04-28T13:53:57+00:00\",\"dateModified\":\"2023-05-09T11:34:52+00:00\",\"breadcrumb\":{\"@id\":\"https:\/\/osvaldinternational.hu\/en\/#breadcrumb\"},\"inLanguage\":\"en-US\",\"potentialAction\":[{\"@type\":\"ReadAction\",\"target\":[\"https:\/\/osvaldinternational.hu\/en\/\"]}]},{\"@type\":\"BreadcrumbList\",\"@id\":\"https:\/\/osvaldinternational.hu\/en\/#breadcrumb\",\"itemListElement\":[{\"@type\":\"ListItem\",\"position\":1,\"name\":\"Kezd\u0151lap\",\"item\":\"https:\/\/osvaldinternational.hu\/en\/\"},{\"@type\":\"ListItem\",\"position\":2,\"name\":\"Home\"}]},{\"@type\":\"WebSite\",\"@id\":\"https:\/\/osvaldinternational.hu\/en\/#website\",\"url\":\"https:\/\/osvaldinternational.hu\/en\/\",\"name\":\"Osvald International\",\"description\":\"\",\"publisher\":{\"@id\":\"https:\/\/osvaldinternational.hu\/en\/#organization\"},\"potentialAction\":[{\"@type\":\"SearchAction\",\"target\":{\"@type\":\"EntryPoint\",\"urlTemplate\":\"https:\/\/osvaldinternational.hu\/en\/?s={search_term_string}\"},\"query-input\":\"required name=search_term_string\"}],\"inLanguage\":\"en-US\"},{\"@type\":\"Organization\",\"@id\":\"https:\/\/osvaldinternational.hu\/en\/#organization\",\"name\":\"Osvald International\",\"url\":\"https:\/\/osvaldinternational.hu\/en\/\",\"logo\":{\"@type\":\"ImageObject\",\"inLanguage\":\"en-US\",\"@id\":\"https:\/\/osvaldinternational.hu\/en\/#\/schema\/logo\/image\/\",\"url\":\"https:\/\/i0.wp.com\/osvaldinternational.hu\/ovyfoath\/2023\/04\/Favicon-3.png?fit=1024%2C1024&ssl=1\",\"contentUrl\":\"https:\/\/i0.wp.com\/osvaldinternational.hu\/ovyfoath\/2023\/04\/Favicon-3.png?fit=1024%2C1024&ssl=1\",\"width\":1024,\"height\":1024,\"caption\":\"Osvald International\"},\"image\":{\"@id\":\"https:\/\/osvaldinternational.hu\/en\/#\/schema\/logo\/image\/\"}}]}<\/script>\n","yoast_head_json":{"title":"Home - Osvald International","robots":{"index":"index","follow":"follow","max-snippet":"max-snippet:-1","max-image-preview":"max-image-preview:large","max-video-preview":"max-video-preview:-1"},"canonical":"https:\/\/osvaldinternational.hu\/en\/","og_locale":"en_US","og_type":"article","og_title":"Home - Osvald International","og_description":"For the Success of Your Business! About us Our vision We believe that it is possible to build a successful and profitable business in Hungary through transparency! Our mission To help Hungarian small and medium-sized enterprises to develop into companies that can stand their ground in the international market through consistent construction and the right [&hellip;]","og_url":"https:\/\/osvaldinternational.hu\/en\/","og_site_name":"Osvald International","article_modified_time":"2023-05-09T11:34:52+00:00","twitter_card":"summary_large_image","twitter_misc":{"Est. reading time":"3 minutes"},"schema":{"@context":"https:\/\/schema.org","@graph":[{"@type":"WebPage","@id":"https:\/\/osvaldinternational.hu\/en\/","url":"https:\/\/osvaldinternational.hu\/en\/","name":"Home - Osvald International","isPartOf":{"@id":"https:\/\/osvaldinternational.hu\/en\/#website"},"datePublished":"2023-04-28T13:53:57+00:00","dateModified":"2023-05-09T11:34:52+00:00","breadcrumb":{"@id":"https:\/\/osvaldinternational.hu\/en\/#breadcrumb"},"inLanguage":"en-US","potentialAction":[{"@type":"ReadAction","target":["https:\/\/osvaldinternational.hu\/en\/"]}]},{"@type":"BreadcrumbList","@id":"https:\/\/osvaldinternational.hu\/en\/#breadcrumb","itemListElement":[{"@type":"ListItem","position":1,"name":"Kezd\u0151lap","item":"https:\/\/osvaldinternational.hu\/en\/"},{"@type":"ListItem","position":2,"name":"Home"}]},{"@type":"WebSite","@id":"https:\/\/osvaldinternational.hu\/en\/#website","url":"https:\/\/osvaldinternational.hu\/en\/","name":"Osvald International","description":"","publisher":{"@id":"https:\/\/osvaldinternational.hu\/en\/#organization"},"potentialAction":[{"@type":"SearchAction","target":{"@type":"EntryPoint","urlTemplate":"https:\/\/osvaldinternational.hu\/en\/?s={search_term_string}"},"query-input":"required name=search_term_string"}],"inLanguage":"en-US"},{"@type":"Organization","@id":"https:\/\/osvaldinternational.hu\/en\/#organization","name":"Osvald International","url":"https:\/\/osvaldinternational.hu\/en\/","logo":{"@type":"ImageObject","inLanguage":"en-US","@id":"https:\/\/osvaldinternational.hu\/en\/#\/schema\/logo\/image\/","url":"https:\/\/i0.wp.com\/osvaldinternational.hu\/ovyfoath\/2023\/04\/Favicon-3.png?fit=1024%2C1024&ssl=1","contentUrl":"https:\/\/i0.wp.com\/osvaldinternational.hu\/ovyfoath\/2023\/04\/Favicon-3.png?fit=1024%2C1024&ssl=1","width":1024,"height":1024,"caption":"Osvald International"},"image":{"@id":"https:\/\/osvaldinternational.hu\/en\/#\/schema\/logo\/image\/"}}]}},"_links":{"self":[{"href":"https:\/\/osvaldinternational.hu\/en\/wp-json\/wp\/v2\/pages\/154","targetHints":{"allow":["GET"]}}],"collection":[{"href":"https:\/\/osvaldinternational.hu\/en\/wp-json\/wp\/v2\/pages"}],"about":[{"href":"https:\/\/osvaldinternational.hu\/en\/wp-json\/wp\/v2\/types\/page"}],"author":[{"embeddable":true,"href":"https:\/\/osvaldinternational.hu\/en\/wp-json\/wp\/v2\/users\/1"}],"replies":[{"embeddable":true,"href":"https:\/\/osvaldinternational.hu\/en\/wp-json\/wp\/v2\/comments?post=154"}],"version-history":[{"count":4,"href":"https:\/\/osvaldinternational.hu\/en\/wp-json\/wp\/v2\/pages\/154\/revisions"}],"predecessor-version":[{"id":166,"href":"https:\/\/osvaldinternational.hu\/en\/wp-json\/wp\/v2\/pages\/154\/revisions\/166"}],"wp:attachment":[{"href":"https:\/\/osvaldinternational.hu\/en\/wp-json\/wp\/v2\/media?parent=154"}],"curies":[{"name":"wp","href":"https:\/\/api.w.org\/{rel}","templated":true}]}}